{"id":826,"date":"2025-09-19T23:28:38","date_gmt":"2025-09-19T23:28:38","guid":{"rendered":"http:\/\/dianaconstella.com\/product\/black-closed-abaya-with-embellished-piping\/"},"modified":"2025-11-04T22:07:37","modified_gmt":"2025-11-04T22:07:37","slug":"plamen-istine","status":"publish","type":"product","link":"https:\/\/dianaconstella.com\/sr\/proizvod\/plamen-istine\/","title":{"rendered":"Plamen istine"},"content":{"rendered":"<p>Ova abaja nosi dah avanture, slobode, \u0161irine beskraja. Venera u strelcu vas ovde daruje  mudrosti \u017eivota, filozofiju sre\u010de i krila radosti.<\/p>\n","protected":false},"excerpt":{"rendered":"<p>Ova abaja nosi dah avanture, slobode, \u0161irine beskraja. Venera u strelcu vas ovde daruje mudrosti \u017eivota, filozofiju sre\u010de i krila radosti.<\/p>\n","protected":false},"featured_media":1258,"comment_status":"open","ping_status":"closed","template":"","meta":{"_acf_changed":false},"product_brand":[],"product_cat":[61],"product_tag":[],"class_list":{"0":"post-826","1":"product","2":"type-product","3":"status-publish","4":"has-post-thumbnail","6":"product_cat-strelac","8":"first","9":"instock","10":"taxable","11":"shipping-taxable","12":"purchasable","13":"product-type-simple","14":"col-lg-3 col-md-4 col-sm-6 item"},"acf":[],"_links":{"self":[{"href":"https:\/\/dianaconstella.com\/sr\/wp-json\/wp\/v2\/product\/826","targetHints":{"allow":["GET"]}}],"collection":[{"href":"https:\/\/dianaconstella.com\/sr\/wp-json\/wp\/v2\/product"}],"about":[{"href":"https:\/\/dianaconstella.com\/sr\/wp-json\/wp\/v2\/types\/product"}],"replies":[{"embeddable":true,"href":"https:\/\/dianaconstella.com\/sr\/wp-json\/wp\/v2\/comments?post=826"}],"wp:featuredmedia":[{"embeddable":true,"href":"https:\/\/dianaconstella.com\/sr\/wp-json\/wp\/v2\/media\/1258"}],"wp:attachment":[{"href":"https:\/\/dianaconstella.com\/sr\/wp-json\/wp\/v2\/media?parent=826"}],"wp:term":[{"taxonomy":"product_brand","embeddable":true,"href":"https:\/\/dianaconstella.com\/sr\/wp-json\/wp\/v2\/product_brand?post=826"},{"taxonomy":"product_cat","embeddable":true,"href":"https:\/\/dianaconstella.com\/sr\/wp-json\/wp\/v2\/product_cat?post=826"},{"taxonomy":"product_tag","embeddable":true,"href":"https:\/\/dianaconstella.com\/sr\/wp-json\/wp\/v2\/product_tag?post=826"}],"curies":[{"name":"wp","href":"https:\/\/api.w.org\/{rel}","templated":true}]}}