{"id":804,"date":"2025-09-13T22:51:00","date_gmt":"2025-09-13T22:51:00","guid":{"rendered":"http:\/\/dianaconstella.com\/product\/black-inner-slip-dress-with-front-zip-sleeveless\/"},"modified":"2025-11-04T21:59:51","modified_gmt":"2025-11-04T21:59:51","slug":"dah-autenticnosti","status":"publish","type":"product","link":"https:\/\/dianaconstella.com\/sr\/proizvod\/dah-autenticnosti\/","title":{"rendered":"Dah autenti\u010dnosti"},"content":{"rendered":"<p>Ova kreacija donosi jedinstvenost va\u0161eg bi\u0107a, ose\u0107aj pripadanja svetu i jednistvu svih ljudi.<\/p>\n<p>Kada je obu\u010dete, Venera u vodoliji otvara vam nebo novih ideja i budi ljubav koja je \u010dista, slobodna i druga\u010dija.<\/p>\n","protected":false},"excerpt":{"rendered":"<p>Ova kreacija donosi jedinstvenost va\u0161eg bi\u0107a, ose\u0107aj pripadanja svetu i jednistvu svih ljudi. Kada je obu\u010dete, Venera u vodoliji otvara vam nebo novih ideja i budi ljubav koja je \u010dista, slobodna i druga\u010dija.<\/p>\n","protected":false},"featured_media":1230,"comment_status":"open","ping_status":"closed","template":"","meta":{"_acf_changed":false},"product_brand":[],"product_cat":[63],"product_tag":[],"class_list":{"0":"post-804","1":"product","2":"type-product","3":"status-publish","4":"has-post-thumbnail","6":"product_cat-vodolija","8":"first","9":"instock","10":"taxable","11":"shipping-taxable","12":"purchasable","13":"product-type-simple","14":"col-lg-3 col-md-4 col-sm-6 item"},"acf":[],"_links":{"self":[{"href":"https:\/\/dianaconstella.com\/sr\/wp-json\/wp\/v2\/product\/804","targetHints":{"allow":["GET"]}}],"collection":[{"href":"https:\/\/dianaconstella.com\/sr\/wp-json\/wp\/v2\/product"}],"about":[{"href":"https:\/\/dianaconstella.com\/sr\/wp-json\/wp\/v2\/types\/product"}],"replies":[{"embeddable":true,"href":"https:\/\/dianaconstella.com\/sr\/wp-json\/wp\/v2\/comments?post=804"}],"wp:featuredmedia":[{"embeddable":true,"href":"https:\/\/dianaconstella.com\/sr\/wp-json\/wp\/v2\/media\/1230"}],"wp:attachment":[{"href":"https:\/\/dianaconstella.com\/sr\/wp-json\/wp\/v2\/media?parent=804"}],"wp:term":[{"taxonomy":"product_brand","embeddable":true,"href":"https:\/\/dianaconstella.com\/sr\/wp-json\/wp\/v2\/product_brand?post=804"},{"taxonomy":"product_cat","embeddable":true,"href":"https:\/\/dianaconstella.com\/sr\/wp-json\/wp\/v2\/product_cat?post=804"},{"taxonomy":"product_tag","embeddable":true,"href":"https:\/\/dianaconstella.com\/sr\/wp-json\/wp\/v2\/product_tag?post=804"}],"curies":[{"name":"wp","href":"https:\/\/api.w.org\/{rel}","templated":true}]}}