{"id":799,"date":"2025-09-19T23:28:38","date_gmt":"2025-09-19T23:28:38","guid":{"rendered":"http:\/\/dianaconstella.com\/product\/black-floral-lace-chiffon-layered-open-abaya\/"},"modified":"2025-11-04T22:04:06","modified_gmt":"2025-11-04T22:04:06","slug":"kamen-svetlosti","status":"publish","type":"product","link":"https:\/\/dianaconstella.com\/sr\/proizvod\/kamen-svetlosti\/","title":{"rendered":"Kamen svetlosti"},"content":{"rendered":"<p>Ova abaja ogrnu\u0107e vas dostojanstvom i istrajno\u0161\u0107u.<\/p>\n<p>Venera u jarcu pokloni\u0107e vam mo\u0107 stabilnosti, spokoja i uzvi\u0161enenosti.<\/p>\n","protected":false},"excerpt":{"rendered":"<p>Ova abaja ogrnu\u0107e vas dostojanstvom i istrajno\u0161\u0107u. Venera u jarcu pokloni\u0107e vam mo\u0107 stabilnosti, spokoja i uzvi\u0161enenosti.<\/p>\n","protected":false},"featured_media":1216,"comment_status":"open","ping_status":"closed","template":"","meta":{"_acf_changed":false},"product_brand":[],"product_cat":[62],"product_tag":[],"class_list":{"0":"post-799","1":"product","2":"type-product","3":"status-publish","4":"has-post-thumbnail","6":"product_cat-jarac","8":"first","9":"instock","10":"taxable","11":"shipping-taxable","12":"purchasable","13":"product-type-simple","14":"col-lg-3 col-md-4 col-sm-6 item"},"acf":[],"_links":{"self":[{"href":"https:\/\/dianaconstella.com\/sr\/wp-json\/wp\/v2\/product\/799","targetHints":{"allow":["GET"]}}],"collection":[{"href":"https:\/\/dianaconstella.com\/sr\/wp-json\/wp\/v2\/product"}],"about":[{"href":"https:\/\/dianaconstella.com\/sr\/wp-json\/wp\/v2\/types\/product"}],"replies":[{"embeddable":true,"href":"https:\/\/dianaconstella.com\/sr\/wp-json\/wp\/v2\/comments?post=799"}],"wp:featuredmedia":[{"embeddable":true,"href":"https:\/\/dianaconstella.com\/sr\/wp-json\/wp\/v2\/media\/1216"}],"wp:attachment":[{"href":"https:\/\/dianaconstella.com\/sr\/wp-json\/wp\/v2\/media?parent=799"}],"wp:term":[{"taxonomy":"product_brand","embeddable":true,"href":"https:\/\/dianaconstella.com\/sr\/wp-json\/wp\/v2\/product_brand?post=799"},{"taxonomy":"product_cat","embeddable":true,"href":"https:\/\/dianaconstella.com\/sr\/wp-json\/wp\/v2\/product_cat?post=799"},{"taxonomy":"product_tag","embeddable":true,"href":"https:\/\/dianaconstella.com\/sr\/wp-json\/wp\/v2\/product_tag?post=799"}],"curies":[{"name":"wp","href":"https:\/\/api.w.org\/{rel}","templated":true}]}}