{"id":794,"date":"2025-09-19T23:28:38","date_gmt":"2025-09-19T23:28:38","guid":{"rendered":"http:\/\/dianaconstella.com\/product\/black-closed-abaya-with-embellished-floral-cuff\/"},"modified":"2025-11-07T20:47:41","modified_gmt":"2025-11-07T20:47:41","slug":"feniks","status":"publish","type":"product","link":"https:\/\/dianaconstella.com\/sr\/proizvod\/feniks\/","title":{"rendered":"Feniks"},"content":{"rendered":"<p>Ro\u0111ena iz tame, oven\u010dana svetlo\u0161\u0107u ova abaja nosi mo\u0107 duboke transformacije Venere u \u0161korpiji.<\/p>\n<p>Kada je obu\u010dete, vatra unutra\u0161njeg preporoda, magnetizma i seksipila izvire iz vas.<\/p>\n<p>Ona je va\u0161a ko\u017ea promene, krilo koje vas vodi iz tame u svetlost.<\/p>\n","protected":false},"excerpt":{"rendered":"<p>Ro\u0111ena iz tame, oven\u010dana svetlo\u0161\u0107u ova abaja nosi mo\u0107 duboke transformacije Venere u \u0161korpiji. Kada je obu\u010dete, vatra unutra\u0161njeg preporoda, magnetizma i seksipila izvire iz vas. Ona je va\u0161a ko\u017ea promene, krilo koje vas vodi iz tame u svetlost.<\/p>\n","protected":false},"featured_media":1192,"comment_status":"open","ping_status":"closed","template":"","meta":{"_acf_changed":false},"product_brand":[],"product_cat":[60],"product_tag":[],"class_list":{"0":"post-794","1":"product","2":"type-product","3":"status-publish","4":"has-post-thumbnail","6":"product_cat-skorpija","8":"first","9":"instock","10":"taxable","11":"shipping-taxable","12":"purchasable","13":"product-type-simple","14":"col-lg-3 col-md-4 col-sm-6 item"},"acf":[],"_links":{"self":[{"href":"https:\/\/dianaconstella.com\/sr\/wp-json\/wp\/v2\/product\/794","targetHints":{"allow":["GET"]}}],"collection":[{"href":"https:\/\/dianaconstella.com\/sr\/wp-json\/wp\/v2\/product"}],"about":[{"href":"https:\/\/dianaconstella.com\/sr\/wp-json\/wp\/v2\/types\/product"}],"replies":[{"embeddable":true,"href":"https:\/\/dianaconstella.com\/sr\/wp-json\/wp\/v2\/comments?post=794"}],"wp:featuredmedia":[{"embeddable":true,"href":"https:\/\/dianaconstella.com\/sr\/wp-json\/wp\/v2\/media\/1192"}],"wp:attachment":[{"href":"https:\/\/dianaconstella.com\/sr\/wp-json\/wp\/v2\/media?parent=794"}],"wp:term":[{"taxonomy":"product_brand","embeddable":true,"href":"https:\/\/dianaconstella.com\/sr\/wp-json\/wp\/v2\/product_brand?post=794"},{"taxonomy":"product_cat","embeddable":true,"href":"https:\/\/dianaconstella.com\/sr\/wp-json\/wp\/v2\/product_cat?post=794"},{"taxonomy":"product_tag","embeddable":true,"href":"https:\/\/dianaconstella.com\/sr\/wp-json\/wp\/v2\/product_tag?post=794"}],"curies":[{"name":"wp","href":"https:\/\/api.w.org\/{rel}","templated":true}]}}