{"id":784,"date":"2025-09-19T23:28:38","date_gmt":"2025-09-19T23:28:38","guid":{"rendered":"http:\/\/dianaconstella.com\/product\/black-chiffon-open-abaya-with-floral-cascading-embellishments\/"},"modified":"2025-11-04T22:19:16","modified_gmt":"2025-11-04T22:19:16","slug":"lepota-detalja","status":"publish","type":"product","link":"https:\/\/dianaconstella.com\/sr\/proizvod\/lepota-detalja\/","title":{"rendered":"Lepota detalja"},"content":{"rendered":"<p><span style=\"font-weight: 400;\">Obavijena beskrajem detalja, ta\u010dno\u0161\u0107u izraza i tajnom jasno\u0107e, Venera u devici budi u vama \u017eenu koja sanja velike stvari, tkaju\u0107i ih nitima sitnica .<\/span><\/p>\n","protected":false},"excerpt":{"rendered":"<p>Embrace refined sophistication with the\u00a0<em>Four Piece Embellished Cuff Open Abaya Set<\/em>\u00a0in Almond Brown. This luxurious set features beautifully embellished cuffs, adding a touch of opulence to the classic design. Complete with a matching embellished belt, inner slip, and hijab, this abaya set offers endless styling possibilities. Perfect for special events, it&#8217;s crafted to make you feel effortlessly graceful and chic on those truly memorable occasions.<\/p>\n<ul>\n<li>Fabric &#8211; Polyester<\/li>\n<li>Embellished Belt is included<\/li>\n<li>Hijab is included<\/li>\n<li>Inner Slip Dress is included<\/li>\n<li>Model is a UK dress size 8, height of 5&#8217;7 and wearing a size 58<\/li>\n<li>Hand Wash Only<\/li>\n<\/ul>\n<p><a href=\"https:\/\/abayabuth.com\/collections\/occasion-abayas\"><span data-sheets-root=\"1\">View the full range of occasion abayas here.<\/span><\/a><\/p>\n","protected":false},"featured_media":1270,"comment_status":"open","ping_status":"closed","template":"","meta":{"_acf_changed":false},"product_brand":[],"product_cat":[55],"product_tag":[],"class_list":{"0":"post-784","1":"product","2":"type-product","3":"status-publish","4":"has-post-thumbnail","6":"product_cat-devica","8":"first","9":"instock","10":"taxable","11":"shipping-taxable","12":"purchasable","13":"product-type-simple","14":"col-lg-3 col-md-4 col-sm-6 item"},"acf":[],"_links":{"self":[{"href":"https:\/\/dianaconstella.com\/sr\/wp-json\/wp\/v2\/product\/784","targetHints":{"allow":["GET"]}}],"collection":[{"href":"https:\/\/dianaconstella.com\/sr\/wp-json\/wp\/v2\/product"}],"about":[{"href":"https:\/\/dianaconstella.com\/sr\/wp-json\/wp\/v2\/types\/product"}],"replies":[{"embeddable":true,"href":"https:\/\/dianaconstella.com\/sr\/wp-json\/wp\/v2\/comments?post=784"}],"wp:featuredmedia":[{"embeddable":true,"href":"https:\/\/dianaconstella.com\/sr\/wp-json\/wp\/v2\/media\/1270"}],"wp:attachment":[{"href":"https:\/\/dianaconstella.com\/sr\/wp-json\/wp\/v2\/media?parent=784"}],"wp:term":[{"taxonomy":"product_brand","embeddable":true,"href":"https:\/\/dianaconstella.com\/sr\/wp-json\/wp\/v2\/product_brand?post=784"},{"taxonomy":"product_cat","embeddable":true,"href":"https:\/\/dianaconstella.com\/sr\/wp-json\/wp\/v2\/product_cat?post=784"},{"taxonomy":"product_tag","embeddable":true,"href":"https:\/\/dianaconstella.com\/sr\/wp-json\/wp\/v2\/product_tag?post=784"}],"curies":[{"name":"wp","href":"https:\/\/api.w.org\/{rel}","templated":true}]}}