{"id":779,"date":"2025-09-19T23:28:38","date_gmt":"2025-09-19T23:28:38","guid":{"rendered":"http:\/\/dianaconstella.com\/product\/beige-umbrella-cut-closed-abaya\/"},"modified":"2025-11-04T22:19:52","modified_gmt":"2025-11-04T22:19:52","slug":"beskraj-svetlosti","status":"publish","type":"product","link":"https:\/\/dianaconstella.com\/sr\/proizvod\/beskraj-svetlosti\/","title":{"rendered":"Beskraj svetlosti"},"content":{"rendered":"<p><span style=\"font-weight: 400;\">Svetlost du\u0161e, sjaj koji inspiri\u0161e i slavi\u00a0 veli\u010danstvenu \u017eenstvenost.<\/span><\/p>\n<p><span style=\"font-weight: 400;\">Ovde Venera u Lavu budi u vama kraljevska ose\u0107anja, ponos, toplinu i ljubav koja inspiri\u0161e druge da sijaju zajedno s vama.<\/span><\/p>\n<p><span style=\"font-weight: 400;\">U njoj ste svetlost koja inspiri\u0161e.<\/span><\/p>\n","protected":false},"excerpt":{"rendered":"<p>Svetlost du\u0161e, sjaj koji inspiri\u0161e i slavi\u00a0 veli\u010danstvenu \u017eenstvenost. Ovde Venera u Lavu budi u vama kraljevska ose\u0107anja, ponos, toplinu i ljubav koja inspiri\u0161e druge da sijaju zajedno s vama. U njoj ste svetlost koja inspiri\u0161e.<\/p>\n","protected":false},"featured_media":1180,"comment_status":"open","ping_status":"closed","template":"","meta":{"_acf_changed":false},"product_brand":[],"product_cat":[54],"product_tag":[],"class_list":{"0":"post-779","1":"product","2":"type-product","3":"status-publish","4":"has-post-thumbnail","6":"product_cat-lav","8":"first","9":"instock","10":"taxable","11":"shipping-taxable","12":"purchasable","13":"product-type-simple","14":"col-lg-3 col-md-4 col-sm-6 item"},"acf":[],"_links":{"self":[{"href":"https:\/\/dianaconstella.com\/sr\/wp-json\/wp\/v2\/product\/779","targetHints":{"allow":["GET"]}}],"collection":[{"href":"https:\/\/dianaconstella.com\/sr\/wp-json\/wp\/v2\/product"}],"about":[{"href":"https:\/\/dianaconstella.com\/sr\/wp-json\/wp\/v2\/types\/product"}],"replies":[{"embeddable":true,"href":"https:\/\/dianaconstella.com\/sr\/wp-json\/wp\/v2\/comments?post=779"}],"wp:featuredmedia":[{"embeddable":true,"href":"https:\/\/dianaconstella.com\/sr\/wp-json\/wp\/v2\/media\/1180"}],"wp:attachment":[{"href":"https:\/\/dianaconstella.com\/sr\/wp-json\/wp\/v2\/media?parent=779"}],"wp:term":[{"taxonomy":"product_brand","embeddable":true,"href":"https:\/\/dianaconstella.com\/sr\/wp-json\/wp\/v2\/product_brand?post=779"},{"taxonomy":"product_cat","embeddable":true,"href":"https:\/\/dianaconstella.com\/sr\/wp-json\/wp\/v2\/product_cat?post=779"},{"taxonomy":"product_tag","embeddable":true,"href":"https:\/\/dianaconstella.com\/sr\/wp-json\/wp\/v2\/product_tag?post=779"}],"curies":[{"name":"wp","href":"https:\/\/api.w.org\/{rel}","templated":true}]}}