{"id":774,"date":"2025-09-20T17:05:25","date_gmt":"2025-09-20T17:05:25","guid":{"rendered":"http:\/\/dianaconstella.com\/product\/abaya-with-khimar-set-sky-blue\/"},"modified":"2025-11-04T22:20:13","modified_gmt":"2025-11-04T22:20:13","slug":"svetlo-duse","status":"publish","type":"product","link":"https:\/\/dianaconstella.com\/sr\/proizvod\/svetlo-duse\/","title":{"rendered":"Svetlo du\u0161e"},"content":{"rendered":"<p><span style=\"font-weight: 400;\">Ova abaja je poput mese\u010dine na mirnoj vodi.<\/span><\/p>\n<p><span style=\"font-weight: 400;\">Kada je obu\u010dete, Venera u Raku vam donos meko\u0107u i ose\u0107aj za dom u sebi.<\/span><\/p>\n<p><span style=\"font-weight: 400;\">U njoj ste \u017eena koja sija iznutra, \u010dija je snaga najve\u0107a ne\u017enost, a emocije vodi\u010d \u017eivota.<\/span><\/p>\n","protected":false},"excerpt":{"rendered":"<p>Ova abaja je poput mese\u010dine na mirnoj vodi. Kada je obu\u010dete, Venera u Raku vam donos meko\u0107u i ose\u0107aj za dom u sebi. U njoj ste \u017eena koja sija iznutra, \u010dija je snaga najve\u0107a ne\u017enost, a emocije vodi\u010d \u017eivota.<\/p>\n","protected":false},"featured_media":1168,"comment_status":"open","ping_status":"closed","template":"","meta":{"_acf_changed":false},"product_brand":[],"product_cat":[59],"product_tag":[],"class_list":{"0":"post-774","1":"product","2":"type-product","3":"status-publish","4":"has-post-thumbnail","6":"product_cat-rak","8":"first","9":"instock","10":"taxable","11":"shipping-taxable","12":"purchasable","13":"product-type-simple","14":"col-lg-3 col-md-4 col-sm-6 item"},"acf":[],"_links":{"self":[{"href":"https:\/\/dianaconstella.com\/sr\/wp-json\/wp\/v2\/product\/774","targetHints":{"allow":["GET"]}}],"collection":[{"href":"https:\/\/dianaconstella.com\/sr\/wp-json\/wp\/v2\/product"}],"about":[{"href":"https:\/\/dianaconstella.com\/sr\/wp-json\/wp\/v2\/types\/product"}],"replies":[{"embeddable":true,"href":"https:\/\/dianaconstella.com\/sr\/wp-json\/wp\/v2\/comments?post=774"}],"wp:featuredmedia":[{"embeddable":true,"href":"https:\/\/dianaconstella.com\/sr\/wp-json\/wp\/v2\/media\/1168"}],"wp:attachment":[{"href":"https:\/\/dianaconstella.com\/sr\/wp-json\/wp\/v2\/media?parent=774"}],"wp:term":[{"taxonomy":"product_brand","embeddable":true,"href":"https:\/\/dianaconstella.com\/sr\/wp-json\/wp\/v2\/product_brand?post=774"},{"taxonomy":"product_cat","embeddable":true,"href":"https:\/\/dianaconstella.com\/sr\/wp-json\/wp\/v2\/product_cat?post=774"},{"taxonomy":"product_tag","embeddable":true,"href":"https:\/\/dianaconstella.com\/sr\/wp-json\/wp\/v2\/product_tag?post=774"}],"curies":[{"name":"wp","href":"https:\/\/api.w.org\/{rel}","templated":true}]}}