{"id":773,"date":"2025-09-20T17:05:25","date_gmt":"2025-09-20T17:05:25","guid":{"rendered":"http:\/\/dianaconstella.com\/product\/abaya-with-khimar-set-sage\/"},"modified":"2025-11-04T22:21:34","modified_gmt":"2025-11-04T22:21:34","slug":"beskraj-radoznalosti","status":"publish","type":"product","link":"https:\/\/dianaconstella.com\/sr\/proizvod\/beskraj-radoznalosti\/","title":{"rendered":"Beskraj radoznalosti"},"content":{"rendered":"<p><span style=\"font-weight: 400;\">Ova abaja budi igru, de\u010dju radosti i zavodenje \u017eivota.<\/span><\/p>\n<p><span style=\"font-weight: 400;\">Kada je obu\u010dete,Venera u Blizancima vas daruje lako\u0107om izraza, znati\u017eeljom i poezijom misli.<\/span><\/p>\n<p><span style=\"font-weight: 400;\">U njoj ste \u017eena koja govori jezikom zvezda i osmeha.<\/span><\/p>\n","protected":false},"excerpt":{"rendered":"<p>Ova abaja budi igru, de\u010dju radosti i zavodenje \u017eivota. Kada je obu\u010dete,Venera u Blizancima vas daruje lako\u0107om izraza, znati\u017eeljom i poezijom misli. U njoj ste \u017eena koja govori jezikom zvezda i osmeha.<\/p>\n","protected":false},"featured_media":1156,"comment_status":"open","ping_status":"closed","template":"","meta":{"_acf_changed":false},"product_brand":[],"product_cat":[58],"product_tag":[],"class_list":{"0":"post-773","1":"product","2":"type-product","3":"status-publish","4":"has-post-thumbnail","6":"product_cat-blizanci","8":"first","9":"instock","10":"taxable","11":"shipping-taxable","12":"purchasable","13":"product-type-simple","14":"col-lg-3 col-md-4 col-sm-6 item"},"acf":[],"_links":{"self":[{"href":"https:\/\/dianaconstella.com\/sr\/wp-json\/wp\/v2\/product\/773","targetHints":{"allow":["GET"]}}],"collection":[{"href":"https:\/\/dianaconstella.com\/sr\/wp-json\/wp\/v2\/product"}],"about":[{"href":"https:\/\/dianaconstella.com\/sr\/wp-json\/wp\/v2\/types\/product"}],"replies":[{"embeddable":true,"href":"https:\/\/dianaconstella.com\/sr\/wp-json\/wp\/v2\/comments?post=773"}],"wp:featuredmedia":[{"embeddable":true,"href":"https:\/\/dianaconstella.com\/sr\/wp-json\/wp\/v2\/media\/1156"}],"wp:attachment":[{"href":"https:\/\/dianaconstella.com\/sr\/wp-json\/wp\/v2\/media?parent=773"}],"wp:term":[{"taxonomy":"product_brand","embeddable":true,"href":"https:\/\/dianaconstella.com\/sr\/wp-json\/wp\/v2\/product_brand?post=773"},{"taxonomy":"product_cat","embeddable":true,"href":"https:\/\/dianaconstella.com\/sr\/wp-json\/wp\/v2\/product_cat?post=773"},{"taxonomy":"product_tag","embeddable":true,"href":"https:\/\/dianaconstella.com\/sr\/wp-json\/wp\/v2\/product_tag?post=773"}],"curies":[{"name":"wp","href":"https:\/\/api.w.org\/{rel}","templated":true}]}}