{"id":772,"date":"2025-09-20T17:05:25","date_gmt":"2025-09-20T17:05:25","guid":{"rendered":"http:\/\/dianaconstella.com\/product\/abaya-with-khimar-set-forest-green\/"},"modified":"2025-11-04T22:21:20","modified_gmt":"2025-11-04T22:21:20","slug":"ruza-svetlosti","status":"publish","type":"product","link":"https:\/\/dianaconstella.com\/sr\/proizvod\/ruza-svetlosti\/","title":{"rendered":"Ru\u017ea svetlosti"},"content":{"rendered":"<p><span style=\"font-weight: 400;\">Meka poput svitanja i sjajna poput bo\u017eanske ljubavi, ova abaja obavija \u017eenu spokojem i samopouzdanjem.<\/span><\/p>\n<p><span style=\"font-weight: 400;\">Kada je nosite, budi u vama Veneru u Biki, sposobnost da u\u017eivate, primate lepotu, ljubav i dodir \u017eivota.<\/span><\/p>\n","protected":false},"excerpt":{"rendered":"<p>Meka poput svitanja i sjajna poput bo\u017eanske ljubavi, ova abaja obavija \u017eenu spokojem i samopouzdanjem. Kada je nosite, budi u vama Veneru u Biki, sposobnost da u\u017eivate, primate lepotu, ljubav i dodir \u017eivota.<\/p>\n","protected":false},"featured_media":1246,"comment_status":"open","ping_status":"closed","template":"","meta":{"_acf_changed":false},"product_brand":[],"product_cat":[57],"product_tag":[],"class_list":{"0":"post-772","1":"product","2":"type-product","3":"status-publish","4":"has-post-thumbnail","6":"product_cat-bik","8":"first","9":"instock","10":"taxable","11":"shipping-taxable","12":"purchasable","13":"product-type-simple","14":"col-lg-3 col-md-4 col-sm-6 item"},"acf":[],"_links":{"self":[{"href":"https:\/\/dianaconstella.com\/sr\/wp-json\/wp\/v2\/product\/772","targetHints":{"allow":["GET"]}}],"collection":[{"href":"https:\/\/dianaconstella.com\/sr\/wp-json\/wp\/v2\/product"}],"about":[{"href":"https:\/\/dianaconstella.com\/sr\/wp-json\/wp\/v2\/types\/product"}],"replies":[{"embeddable":true,"href":"https:\/\/dianaconstella.com\/sr\/wp-json\/wp\/v2\/comments?post=772"}],"wp:featuredmedia":[{"embeddable":true,"href":"https:\/\/dianaconstella.com\/sr\/wp-json\/wp\/v2\/media\/1246"}],"wp:attachment":[{"href":"https:\/\/dianaconstella.com\/sr\/wp-json\/wp\/v2\/media?parent=772"}],"wp:term":[{"taxonomy":"product_brand","embeddable":true,"href":"https:\/\/dianaconstella.com\/sr\/wp-json\/wp\/v2\/product_brand?post=772"},{"taxonomy":"product_cat","embeddable":true,"href":"https:\/\/dianaconstella.com\/sr\/wp-json\/wp\/v2\/product_cat?post=772"},{"taxonomy":"product_tag","embeddable":true,"href":"https:\/\/dianaconstella.com\/sr\/wp-json\/wp\/v2\/product_tag?post=772"}],"curies":[{"name":"wp","href":"https:\/\/api.w.org\/{rel}","templated":true}]}}