{"id":1034,"date":"2025-11-07T21:32:16","date_gmt":"2025-11-07T21:32:16","guid":{"rendered":"http:\/\/dianaconstella.com\/uslovi-koriscenja\/"},"modified":"2025-11-07T21:46:56","modified_gmt":"2025-11-07T21:46:56","slug":"uslovi-koriscenja","status":"publish","type":"page","link":"https:\/\/dianaconstella.com\/sr\/uslovi-koriscenja\/","title":{"rendered":"Uslovi kori\u0161\u0107enja"},"content":{"rendered":"\n<p>Posetom ili kupovinom na internet prodavnici <strong>dianaconstella.com<\/strong> prihvatate Uslove kori\u0161\u0107enja navedene u nastavku. Molimo vas da ih pa\u017eljivo pro\u010ditate i upoznate se sa pravilima koja primenjujemo.<\/p>\n\n\n\n<p>Sadr\u017eaj prikazan na ovoj stranici je vlasni\u0161tvo brenda <strong>\u201eDiana Constella\u201c<\/strong> i ne sme se koristiti bez prethodne saglasnosti brenda. \u201eDiana Constella\u201c zadr\u017eava pravo da u bilo kom trenutku, bez prethodne najave, promeni informacije prikazane na bilo kojoj stranici sajta.<\/p>\n\n\n\n<p>\u201eDiana Constella\u201c se obavezuje da \u0161titi privatnost svih kupaca. Prikupljamo samo osnovne informacije o kupcima\/korisnicima neophodne za obavljanje poslovanja i informisanje korisnika, u skladu sa dobrim poslovnim praksama i radi pru\u017eanja kvalitetne usluge. Sve informacije o kupcima\/korisnicima strogo se \u010duvaju i dostupne su samo zaposlenima kojima su potrebne za obavljanje posla. Svi zaposleni u internet prodavnici <strong>dianaconstella.com<\/strong> odgovorni su za po\u0161tovanje na\u010dela za\u0161tite privatnosti.<\/p>\n\n\n\n<p><strong>dianaconstella.com<\/strong> je internet prodavnica koja posluje u skladu sa Zakonom o elektronskoj trgovini i svim va\u017ee\u0107im zakonima i propisima Republike Srbije.<\/p>\n\n\n\n<p>Ovi Op\u0161ti uslovi kupovine predstavljaju sastavni deo Ugovora o prodaji koji \u0107e biti zaklju\u010den izme\u0111u Prodavca i Kupca. Nepo\u0161tovanje pravila definisanih ovde mo\u017ee dovesti do neuspele transakcije pla\u0107anja ili neuspe\u0161ne porud\u017ebine.<\/p>\n\n\n\n<h2 class=\"wp-block-heading\">Osnovni podaci o kompaniji<\/h2>\n\n\n\n<p><strong>Website:<\/strong> dianaconstella.com<br><strong>Kontakt telefon:<\/strong> +381 65 9629 621<br><strong>Kontakt email:<\/strong> <a>info@dianaconstella.com<\/a><\/p>\n\n\n\n<h2 class=\"wp-block-heading\">Izjava o konverziji<\/h2>\n\n\n\n<p>Sva pla\u0107anja bi\u0107e izvr\u0161ena u lokalnoj valuti Republike Srbije \u2014 dinar (RSD). Srednji kurs Narodne banke Srbije koristi se za informativni prikaz cena u drugim valutama. Iznos koji \u0107e biti napla\u0107en sa va\u0161e platne kartice bi\u0107e iskazan u va\u0161oj lokalnoj valuti kroz konverziju prema kursu karti\u010dnih organizacija, koji u trenutku transakcije nije poznat. Kao rezultat ove konverzije, mo\u017ee do\u0107i do manjeg odstupanja u odnosu na originalnu cenu prikazanu na na\u0161em sajtu.<\/p>\n\n\n\n<h2 class=\"wp-block-heading\">Poru\u010divanje<\/h2>\n\n\n\n<p>Za poru\u010divanje proizvoda iz ponude internet prodavnice potrebno je da pratite slede\u0107e korake:<\/p>\n\n\n\n<h3 class=\"wp-block-heading\"><strong>1. Unos podataka o dostavi, pla\u0107anju i adresi isporuke<\/strong><\/h3>\n\n\n\n<p>Klikom na dugme <strong>\u201eNastavi porud\u017ebinu\u201c<\/strong> dolazite na stranicu gde unosite na\u010din dostave, na\u010din pla\u0107anja i adresu isporuke.<\/p>\n\n\n\n<h3 class=\"wp-block-heading\"><strong>2. Registracija<\/strong><\/h3>\n\n\n\n<p>Registracija se obavlja samo jednom, a svaki slede\u0107i put unosite samo email i lozinku. Registracija je besplatna i vr\u0161i se putem opcije <strong>\u201eMoj nalog\u201c<\/strong>.<br>Potrebno je uneti:<br>\u2013 email adresu<br>\u2013 puno ime i prezime<br>\u2013 ku\u0107nu adresu za dostavu<br>\u2013 broj telefona<br>\u2013 lozinku za pristup<\/p>\n\n\n\n<p>Za registraciju je tako\u0111e potrebno da pro\u010ditate uslove kori\u0161\u0107enja, politiku privatnosti i izjavu o poverljivosti podataka, te ozna\u010dite da se sa njima sla\u017eete.<br>Nakon unosa podataka, dobi\u0107ete email sa linkom za potvrdu registracije. Klikom na link otvara se stranica za prijavu na va\u0161 nalog.<\/p>\n\n\n\n<h3 class=\"wp-block-heading\"><strong>3. Pronala\u017eenje proizvoda<\/strong><\/h3>\n\n\n\n<p>Proizvodi su organizovani po kategorijama. Kada prona\u0111ete \u017eeljeni proizvod, izaberite boju i veli\u010dinu, a zatim kliknite na dugme <strong>\u201eDodaj u korpu\u201c<\/strong>.<\/p>\n\n\n\n<h2 class=\"wp-block-heading\">Na\u010dini pla\u0107anja<\/h2>\n\n\n\n<p>dianaconstella.com podr\u017eava slede\u0107e metode pla\u0107anja:<\/p>\n\n\n\n<p>\u2013 Platne kartice: DinaCard, Visa, Mastercard, Maestro i American Express kartice izdate od strane doma\u0107ih banaka.<\/p>\n\n\n\n<p>Sva pla\u0107anja se vr\u0161e u dinarima (RSD).<\/p>\n\n\n\n<h2 class=\"wp-block-heading\">Za\u0161tita privatnosti korisnika<\/h2>\n\n\n\n<p>U ime \u201eDiana Constella\u201c obavezujemo se da \u0161titimo privatnost svih kupaca. Prikupljamo samo osnovne informacije potrebne za obavljanje poslovanja i informisanje korisnika, u skladu sa dobrim poslovnim praksama i pru\u017eanjem kvalitetne usluge. Kupcima omogu\u0107avamo izbor da li \u017eele da budu uklonjeni sa mailing lista koje se koriste za marketin\u0161ke kampanje. Svi podaci o korisnicima strogo se \u010duvaju i dostupni su samo zaposlenima i poslovnim partnerima koji ih trebaju radi obavljanja posla. Svi zaposleni i partneri du\u017eni su da po\u0161tuju na\u010dela za\u0161tite privatnosti.<\/p>\n\n\n\n<h2 class=\"wp-block-heading\">Poverljivost podataka o transakciji<\/h2>\n\n\n\n<p>Pri unosu podataka o platnoj kartici, poverljive informacije se prenose preko <strong>bezbedne, \u0161ifrovane SSL veze<\/strong> uz primenu PKI tehnologije, jednog od najnaprednijih kriptografskih sistema.<\/p>\n\n\n\n<p>Bezbednost pla\u0107anja garantuje na\u0161 partner za procesiranje pla\u0107anja \u2014 <strong>Banca Intesa AD Beograd<\/strong>.<br>Celokupan proces pla\u0107anja odvija se na <strong>bezbednim stranicama banke<\/strong>, tako da <strong>podaci o karticama nikada ne ulaze u na\u0161 sistem<\/strong>.<\/p>\n\n\n\n<h2 class=\"wp-block-heading\">Politika povra\u0107aja sredstava<\/h2>\n\n\n\n<p>U slu\u010daju povra\u0107aja robe i povra\u0107aja sredstava kupcu koji je prethodno platio karticom, bilo delimi\u010dno ili u celosti, \u201eDiana Constella\u201c je du\u017ena da povra\u0107aj izvr\u0161i isklju\u010divo putem iste karti\u010dne metode \u2014 DinaCard, Visa, EC\/MC, Maestro, Amex i Dina. To zna\u010di da banka, na zahtev prodavca, vra\u0107a sredstva na ra\u010dun vlasnika kartice.<\/p>\n\n\n\n<h2 class=\"wp-block-heading\">PDV izjava<\/h2>\n\n\n\n<p>PDV je uklju\u010den u cenu i nema skrivenih tro\u0161kova.<\/p>\n","protected":false},"excerpt":{"rendered":"<p>Posetom ili kupovinom na internet prodavnici dianaconstella.com prihvatate Uslove kori\u0161\u0107enja navedene u nastavku. Molimo vas da ih pa\u017eljivo pro\u010ditate i upoznate se sa pravilima koja primenjujemo. Sadr\u017eaj prikazan na ovoj stranici je vlasni\u0161tvo brenda \u201eDiana Constella\u201c i ne sme se koristiti bez prethodne saglasnosti brenda. \u201eDiana Constella\u201c zadr\u017eava pravo da u bilo kom trenutku, bez [&hellip;]<\/p>\n","protected":false},"author":1,"featured_media":0,"parent":0,"menu_order":0,"comment_status":"closed","ping_status":"closed","template":"","meta":{"_acf_changed":false,"footnotes":""},"class_list":["post-1034","page","type-page","status-publish","hentry"],"acf":[],"_links":{"self":[{"href":"https:\/\/dianaconstella.com\/sr\/wp-json\/wp\/v2\/pages\/1034","targetHints":{"allow":["GET"]}}],"collection":[{"href":"https:\/\/dianaconstella.com\/sr\/wp-json\/wp\/v2\/pages"}],"about":[{"href":"https:\/\/dianaconstella.com\/sr\/wp-json\/wp\/v2\/types\/page"}],"author":[{"embeddable":true,"href":"https:\/\/dianaconstella.com\/sr\/wp-json\/wp\/v2\/users\/1"}],"replies":[{"embeddable":true,"href":"https:\/\/dianaconstella.com\/sr\/wp-json\/wp\/v2\/comments?post=1034"}],"version-history":[{"count":2,"href":"https:\/\/dianaconstella.com\/sr\/wp-json\/wp\/v2\/pages\/1034\/revisions"}],"predecessor-version":[{"id":1037,"href":"https:\/\/dianaconstella.com\/sr\/wp-json\/wp\/v2\/pages\/1034\/revisions\/1037"}],"wp:attachment":[{"href":"https:\/\/dianaconstella.com\/sr\/wp-json\/wp\/v2\/media?parent=1034"}],"curies":[{"name":"wp","href":"https:\/\/api.w.org\/{rel}","templated":true}]}}