{"id":1030,"date":"2025-11-07T21:24:53","date_gmt":"2025-11-07T21:24:53","guid":{"rendered":"http:\/\/dianaconstella.com\/politika-privatnosti\/"},"modified":"2025-11-07T21:41:57","modified_gmt":"2025-11-07T21:41:57","slug":"politika-privatnosti","status":"publish","type":"page","link":"https:\/\/dianaconstella.com\/sr\/politika-privatnosti\/","title":{"rendered":"Politika privatnosti"},"content":{"rendered":"\n<p>Ova Politika privatnosti ure\u0111uje na\u010din na koji \u201cDiana Constella\u201d prikuplja, koristi, \u010duva i otkriva informacije prikupljene od korisnika putem sajta dianaconstella.com. Politika privatnosti odnosi se na sajt i sve digitalne marketin\u0161ke kanale povezane sa njim.<\/p>\n\n\n\n<h2 class=\"wp-block-heading\"><strong>Li\u010dni podaci za identifikaciju<\/strong><\/h2>\n\n\n\n<p>\u201eDiana Constella\u201c prikuplja li\u010dne podatke korisnika kada posete veb-sajt i popune obrasce \u2013 kontakt formulare. Korisnici imaju mogu\u0107nost da posete sajt anonimno. Po potrebi, od njih mo\u017ee biti zatra\u017eeno ime, prezime i imejl adresa. Za online kupovinu, neophodno je kreirati nalog na sajtu, \u0161to zahteva unos dodatnih informacija, kao \u0161to su ku\u0107na adresa i broj telefona. \u201eDiana Constella\u201c prikuplja li\u010dne podatke isklju\u010divo uz saglasnost korisnika. Korisnik uvek mo\u017ee odbiti da pru\u017ei li\u010dne podatke, osim \u0161to u tom slu\u010daju mo\u017eda ne\u0107e mo\u0107i da koristi odre\u0111ene funkcije na sajtu. Od korisnika se tako\u0111e mo\u017ee tra\u017eiti pru\u017eanje demografskih podataka, poput datuma ro\u0111enja, pola i zanimanja, kako bi se sadr\u017eaj sajta prilagodio njihovim potrebama.<\/p>\n\n\n\n<h2 class=\"wp-block-heading\"><strong>Nel\u010dni podaci za identifikaciju<\/strong><\/h2>\n\n\n\n<p>\u201eDiana Constella\u201c prikuplja ne-li\u010dne podatke o korisnicima svaki put kada oni interaguju sa veb-sajtom. Ovo uklju\u010duje informacije kao \u0161to su naziv pregleda\u010da, tip ra\u010dunara i tehni\u010dke informacije o na\u010dinu na koji se korisnici povezuju na sajt, poput operativnog sistema, provajdera internet usluga i drugih sli\u010dnih podataka. \u201eDiana Constella\u201c koristi \u201ekola\u010di\u0107e\u201c (cookies) kako bi unapredila korisni\u010dko iskustvo i prilagodila upotrebu interneta va\u0161im potrebama. Kola\u010di\u0107 je tekstualna datoteka koju veb server sme\u0161ta na va\u0161 hard disk. Kola\u010di\u0107i se ne mogu koristiti za pokretanje programa niti za isporuku virusa na va\u0161 ra\u010dunar. Kola\u010di\u0107i su jedinstveno dodeljeni vama i mo\u017ee ih \u010ditati samo veb server u okviru domena koji vam je kola\u010di\u0107 izdao. Jedna od glavnih svrha kola\u010di\u0107a jeste da olak\u0161aju kori\u0161\u0107enje sajta i u\u0161tede va\u0161e vreme.<\/p>\n\n\n\n<h2 class=\"wp-block-heading\"><strong>Kako koristimo prikupljene informacije<\/strong><\/h2>\n\n\n\n<p>\u201eDiana Constella\u201c mo\u017ee prikupljati i koristiti li\u010dne podatke korisnika u slede\u0107e svrhe: Za unapre\u0111enje svojih usluga; Za efikasniji odgovor na korisni\u010dke zahteve putem korisni\u010dke podr\u0161ke; Za personalizaciju korisni\u010dkog iskustva; Za pobolj\u0161anje veb-sajta i prilago\u0111avanje sadr\u017eaja potrebama korisnika; Za sprovo\u0111enje promocija, nagradnih konkursa, istra\u017eivanja ili drugih aktivnosti na sajtu; Za slanje povremenih SMS i elektronskih poruka korisnicima koji su dali saglasnost za njihovo primanje, o temama iz oblasti njihovog interesovanja, kao i kao kanal komunikacije za re\u0161avanje zahteva, pitanja i\/ili drugih korisni\u010dkih upita.<\/p>\n\n\n\n<h2 class=\"wp-block-heading\"><strong>Za\u0161tita podataka<\/strong><\/h2>\n\n\n\n<p>\u201eDiana Constella\u201c primenjuje mere za prikupljanje, \u010duvanje, obradu i za\u0161titu podataka kako bi spre\u010dila neovla\u0161\u0107en pristup, izmene, otkrivanje ili uni\u0161tavanje li\u010dnih podataka, imena, informacija o transakcijama i podataka uskladi\u0161tenih na veb-sajtu. Sajt dianaconstella.com uskla\u0111en je sa \u201ePCI standardima ranjivosti\u201c i GDPR regulativom kako bi korisnicima obezbedio najpovoljnije i najsigurnije okru\u017eenje. Prilikom unosa podataka o platnim karticama, osetljive informacije se prenose preko javne mre\u017ee u \u0161ifrovanom obliku koriste\u0107i SSL protokol i PKI sistem, najmoderniju kriptografsku tehnologiju koja je trenutno dostupna.<\/p>\n\n\n\n<h2 class=\"wp-block-heading\"><strong>\u010cuvanje i deljenje li\u010dnih podataka<\/strong><\/h2>\n\n\n\n<p>**Podaci o korisnicima dostupni su zaposlenima \u201eDiana Constella\u201c koji ih trebaju radi obavljanja svojih poslova, a koji su upoznati sa va\u017enosti \u010duvanja poverljivosti podataka i odgovorni su za po\u0161tovanje ove Politike privatnosti. \u201eDiana Constella\u201c ne prodaje niti iznajmljuje li\u010dne podatke korisnika. Pored ovla\u0161\u0107enih zaposlenih \u201eDiana Constella\u201c, informacije o korisnicima mogu biti podeljene sa tre\u0107im licima kao \u0161to su kurirske slu\u017ebe u slu\u010daju online kupovine, kako bi se obezbedila uspe\u0161na isporuka porud\u017ebina. Mogu\u0107e je deljenje podataka o korisnicima i sa poslovnim partnerima sa kojima je ostvarena saradnja radi pru\u017eanja dodatnih opcija na sajtu. Svi podaci prikupljeni na sajtu dostupni su ovim partnerima. Za slanje newsletter-a i SMS\/Viber kampanja, podaci se prikupljaju i \u010duvaju u bazi NTH servisa, sa kojim je ostvarena saradnja i \u010dije je poslovanje tako\u0111e uskla\u0111eno sa GDPR regulativom. \u201eDiana Constella\u201c koristi usluge za pra\u0107enje aktivnosti pretplatnika u kampanjama. Korisnici veb-sajta imaju mogu\u0107nost da izaberu da li \u017eele da budu na mailing\/SMS listi. Mogu se odjaviti u svakom trenutku prilikom prijema newsletter-a (putem emaila ili SMS\/Viber poruke).**<\/p>\n\n\n\n<h2 class=\"wp-block-heading\"><strong>Prava korisnika<\/strong><\/h2>\n\n\n\n<p>U skladu sa GDPR propisima, korisnik ima pravo: da zatra\u017ei uvid u podatke koji se \u010duvaju u bazi podataka kompanije; da zatra\u017ei izmenu svojih podataka koji se \u010duvaju u bazi podataka kompanije; da zatra\u017ei brisanje svojih podataka iz baze; kao i trajnu deaktivaciju svog naloga na veb-sajtu.<\/p>\n\n\n\n<h2 class=\"wp-block-heading\"><strong>Prihvatanje uslova<\/strong><\/h2>\n\n\n\n<p>U interesu je korisnika da, prilikom pristupa veb-sajtu, pro\u010dita Politiku privatnosti. Kori\u0161\u0107enjem sajta smatra se da korisnik prihvata uslove. U suprotnom, korisnik ne bi trebalo da pristupa sajtu.<\/p>\n\n\n\n<h2 class=\"wp-block-heading\"><strong>Izmene Politike privatnosti<\/strong><\/h2>\n\n\n\n<p>\u201eDiana Constella\u201c zadr\u017eava diskreciono pravo da u bilo kom trenutku a\u017eurira Politiku privatnosti, pri \u010demu se datum a\u017euriranja navodi na dnu stranice. Obave\u0161tenje o izmenama se ne \u0161alje. Radi informisanosti o na\u010dinu za\u0161tite li\u010dnih podataka i mogu\u0107im izmenama, korisnicima se preporu\u010duje da povremeno pose\u0107uju ovu stranicu i pregledaju Politiku privatnosti. Ako korisnik nastavi aktivnosti na sajtu nakon ovih izmena, smatra se da ih prihvata i da je saglasan sa njima.<\/p>\n\n\n\n<h2 class=\"wp-block-heading\"><strong>Kontakt<\/strong><\/h2>\n\n\n\n<p><em>Dodatne informacije i obja\u0161njenja u vezi sa Politikom privatnosti i njenom primenom mogu se dobiti slanjem upita na adresu e-po\u0161te <a>info@dianaconstella.com<\/a>.<\/em><\/p>\n","protected":false},"excerpt":{"rendered":"<p>Ova Politika privatnosti ure\u0111uje na\u010din na koji \u201cDiana Constella\u201d prikuplja, koristi, \u010duva i otkriva informacije prikupljene od korisnika putem sajta dianaconstella.com. Politika privatnosti odnosi se na sajt i sve digitalne marketin\u0161ke kanale povezane sa njim. Li\u010dni podaci za identifikaciju \u201eDiana Constella\u201c prikuplja li\u010dne podatke korisnika kada posete veb-sajt i popune obrasce \u2013 kontakt formulare. Korisnici [&hellip;]<\/p>\n","protected":false},"author":1,"featured_media":0,"parent":0,"menu_order":0,"comment_status":"closed","ping_status":"closed","template":"tmplt-container.php","meta":{"_acf_changed":false,"footnotes":""},"class_list":["post-1030","page","type-page","status-publish","hentry"],"acf":[],"_links":{"self":[{"href":"https:\/\/dianaconstella.com\/sr\/wp-json\/wp\/v2\/pages\/1030","targetHints":{"allow":["GET"]}}],"collection":[{"href":"https:\/\/dianaconstella.com\/sr\/wp-json\/wp\/v2\/pages"}],"about":[{"href":"https:\/\/dianaconstella.com\/sr\/wp-json\/wp\/v2\/types\/page"}],"author":[{"embeddable":true,"href":"https:\/\/dianaconstella.com\/sr\/wp-json\/wp\/v2\/users\/1"}],"replies":[{"embeddable":true,"href":"https:\/\/dianaconstella.com\/sr\/wp-json\/wp\/v2\/comments?post=1030"}],"version-history":[{"count":2,"href":"https:\/\/dianaconstella.com\/sr\/wp-json\/wp\/v2\/pages\/1030\/revisions"}],"predecessor-version":[{"id":1033,"href":"https:\/\/dianaconstella.com\/sr\/wp-json\/wp\/v2\/pages\/1030\/revisions\/1033"}],"wp:attachment":[{"href":"https:\/\/dianaconstella.com\/sr\/wp-json\/wp\/v2\/media?parent=1030"}],"curies":[{"name":"wp","href":"https:\/\/api.w.org\/{rel}","templated":true}]}}